{"id":415,"date":"2015-11-17T04:19:36","date_gmt":"2015-11-17T04:19:36","guid":{"rendered":"http:\/\/logistics.stylemixthemes.com\/demo\/?page_id=415"},"modified":"2021-04-21T13:53:59","modified_gmt":"2021-04-21T13:53:59","slug":"about-us","status":"publish","type":"page","link":"https:\/\/ts-bagci.de\/?page_id=415","title":{"rendered":"\u00dcber Uns"},"content":{"rendered":"<p>[vc_row][vc_column width=&#8220;1\/2&#8243;][vc_column_text]<\/p>\n<h2>Wir sind TSB!<\/h2>\n<p>Wir sind ein Dienstleister, der sich auf den Transport von Fl\u00fcssigkeiten im Chemiebereich spezialisiert hat. Das 2016 gegr\u00fcndete Unternehmen konnte sich bis heute erfolgreich im Markt durchsetzen und ist st\u00e4tig am wachsen.<\/p>\n<p>Mit unserem bestehenden Know-How und der Zusammenarbeit mit den gr\u00f6\u00dften Chemiekonzernen der Metropolregion Rhein Neckar, k\u00f6nnen wir unseren Kunden optimale Leistungen gew\u00e4hren. Mit unserem modernen Fuhrpark und einem flexiblem Team, gew\u00e4hren wir unseren Kunden einen reibungslosen Ablauf, in der Transportkette.<\/p>\n<p>Dabei legen wir einen gro\u00df\u00e9n Wert darauf, dass alles mit der h\u00f6chsten Sicherheit durchgef\u00fchrt wird. Selbstverst\u00e4ndlich sind alle unsere Fahrzeuge f\u00fcr den Transport von Gefahrgut geeignet und alle Fahrer sind in Besitz der ADR- Bescheinigung zum Transport von Gefahrgut im Bereich Tankcontainer. \u00dcberzeugen sie sich selbst von unseren Leistungen.<\/p>\n<p>Sie ben\u00f6tigen einen zuverl\u00e4ssigen Partner oder kurzfristig Transportkapazit\u00e4ten? Dann kontaktieren Sie uns![\/vc_column_text][\/vc_column][vc_column width=&#8220;1\/2&#8243;][vc_single_image image=&#8220;1492&#8243; img_size=&#8220;431&#215;575&#8243;][\/vc_column][\/vc_row][vc_row][vc_column][vc_empty_space][\/vc_column][\/vc_row][vc_row][vc_column][vc_column_text]<span style=\"font-size: 12pt;\"><strong>Sie ben\u00f6tigen einen zuverl\u00e4ssigen Partner oder kurzfristig Transportkapazit\u00e4ten? \u00a0<a class=\"button icon_right size-sm\" href=\"https:\/\/ts-bagci.de\/?page_id=442\">Kontaktieren Sie Uns<\/a><\/strong><\/span>[\/vc_column_text][\/vc_column][\/vc_row][vc_row][vc_column][vc_empty_space height=&#8220;16px&#8220;][\/vc_column][\/vc_row][vc_row][vc_column width=&#8220;1\/2&#8243;][vc_column_text]<\/p>\n<ul class=\"style_3\">\n<li>Attraktives Arbeitsumfeld<\/li>\n<li>Qualit\u00e4t und Flexibilit\u00e4t<\/li>\n<\/ul>\n<p>[\/vc_column_text][\/vc_column][vc_column width=&#8220;1\/2&#8243;][vc_column_text]<\/p>\n<ul class=\"style_3\">\n<li>Kontinuierliche Verbesserung<\/li>\n<li>Vollst\u00e4ndige Sicherheit<\/li>\n<\/ul>\n<p>[\/vc_column_text][\/vc_column][\/vc_row]<\/p>\n","protected":false},"excerpt":{"rendered":"<p>[vc_row][vc_column width=&#8220;1\/2&#8243;][vc_column_text] Wir sind TSB! Wir sind ein Dienstleister, der sich auf den Transport von Fl\u00fcssigkeiten im Chemiebereich spezialisiert hat. Das 2016 gegr\u00fcndete Unternehmen konnte sich bis heute erfolgreich im Markt durchsetzen und&#8230;<\/p>\n","protected":false},"author":1,"featured_media":0,"parent":0,"menu_order":0,"comment_status":"closed","ping_status":"closed","template":"","meta":[],"_links":{"self":[{"href":"https:\/\/ts-bagci.de\/index.php?rest_route=\/wp\/v2\/pages\/415"}],"collection":[{"href":"https:\/\/ts-bagci.de\/index.php?rest_route=\/wp\/v2\/pages"}],"about":[{"href":"https:\/\/ts-bagci.de\/index.php?rest_route=\/wp\/v2\/types\/page"}],"author":[{"embeddable":true,"href":"https:\/\/ts-bagci.de\/index.php?rest_route=\/wp\/v2\/users\/1"}],"replies":[{"embeddable":true,"href":"https:\/\/ts-bagci.de\/index.php?rest_route=%2Fwp%2Fv2%2Fcomments&post=415"}],"version-history":[{"count":43,"href":"https:\/\/ts-bagci.de\/index.php?rest_route=\/wp\/v2\/pages\/415\/revisions"}],"predecessor-version":[{"id":1512,"href":"https:\/\/ts-bagci.de\/index.php?rest_route=\/wp\/v2\/pages\/415\/revisions\/1512"}],"wp:attachment":[{"href":"https:\/\/ts-bagci.de\/index.php?rest_route=%2Fwp%2Fv2%2Fmedia&parent=415"}],"curies":[{"name":"wp","href":"https:\/\/api.w.org\/{rel}","templated":true}]}}