{"id":642,"date":"2015-11-24T05:41:19","date_gmt":"2015-11-24T05:41:19","guid":{"rendered":"http:\/\/logistics.stylemixthemes.com\/demo\/?page_id=642"},"modified":"2021-05-09T15:20:42","modified_gmt":"2021-05-09T15:20:42","slug":"services-icon","status":"publish","type":"page","link":"https:\/\/ts-bagci.de\/?page_id=642","title":{"rendered":"Karriere"},"content":{"rendered":"<p>[vc_row][vc_column width=&#8220;1\/2&#8243;][vc_row_inner][vc_column_inner][vc_column_text]<\/p>\n<h3>Bewerbung<\/h3>\n<p>Du suchst einen sicheren Arbeitgeber, mit einer fairen Entlohnung? Dann bist Du bei der TSB genau richtig.<\/p>\n<ul>\n<li>Zukunftssicherer Arbeitsplatz<\/li>\n<li>Sehr gute Verdienstm\u00f6glichkeiten inkl. Urlaubs- und Weihnachtsgeld<\/li>\n<li>Festgehalt<\/li>\n<li>Interessante berufliche Herausforderungen<\/li>\n<li>Freundliches Betriebsklima<\/li>\n<\/ul>\n<p>Nutzen sie die Chance und Bewerben Sie sich heute noch.<\/p>\n<p>Wir freuen uns \u00fcber ihre aussagekr\u00e4ftige Bewerbung \u00fcber unser Kontaktformular. Dein TSB Team.[\/vc_column_text][vc_empty_space][\/vc_column_inner][\/vc_row_inner][\/vc_column][vc_column width=&#8220;1\/2&#8243;][vc_images_carousel images=&#8220;1468,1469&#8243; img_size=&#8220;375&#215;500&#8243; autoplay=&#8220;yes&#8220; wrap=&#8220;yes&#8220;][\/vc_column][\/vc_row]<\/p>\n","protected":false},"excerpt":{"rendered":"<p>[vc_row][vc_column width=&#8220;1\/2&#8243;][vc_row_inner][vc_column_inner][vc_column_text] Bewerbung Du suchst einen sicheren Arbeitgeber, mit einer fairen Entlohnung? Dann bist Du bei der TSB genau richtig. Zukunftssicherer Arbeitsplatz Sehr gute Verdienstm\u00f6glichkeiten inkl. Urlaubs- und Weihnachtsgeld Festgehalt Interessante berufliche Herausforderungen&#8230;<\/p>\n","protected":false},"author":1,"featured_media":0,"parent":0,"menu_order":0,"comment_status":"closed","ping_status":"closed","template":"","meta":[],"_links":{"self":[{"href":"https:\/\/ts-bagci.de\/index.php?rest_route=\/wp\/v2\/pages\/642"}],"collection":[{"href":"https:\/\/ts-bagci.de\/index.php?rest_route=\/wp\/v2\/pages"}],"about":[{"href":"https:\/\/ts-bagci.de\/index.php?rest_route=\/wp\/v2\/types\/page"}],"author":[{"embeddable":true,"href":"https:\/\/ts-bagci.de\/index.php?rest_route=\/wp\/v2\/users\/1"}],"replies":[{"embeddable":true,"href":"https:\/\/ts-bagci.de\/index.php?rest_route=%2Fwp%2Fv2%2Fcomments&post=642"}],"version-history":[{"count":68,"href":"https:\/\/ts-bagci.de\/index.php?rest_route=\/wp\/v2\/pages\/642\/revisions"}],"predecessor-version":[{"id":1536,"href":"https:\/\/ts-bagci.de\/index.php?rest_route=\/wp\/v2\/pages\/642\/revisions\/1536"}],"wp:attachment":[{"href":"https:\/\/ts-bagci.de\/index.php?rest_route=%2Fwp%2Fv2%2Fmedia&parent=642"}],"curies":[{"name":"wp","href":"https:\/\/api.w.org\/{rel}","templated":true}]}}