{"id":685,"date":"2015-11-24T07:42:31","date_gmt":"2015-11-24T07:42:31","guid":{"rendered":"http:\/\/logistics.stylemixthemes.com\/demo\/?page_id=685"},"modified":"2021-04-21T22:18:33","modified_gmt":"2021-04-21T22:18:33","slug":"services-grid","status":"publish","type":"page","link":"https:\/\/ts-bagci.de\/?page_id=685","title":{"rendered":"Datenschutz"},"content":{"rendered":"<p>[vc_row][vc_column][vc_column_text]<\/p>\n<div class=\"wpb_text_column wpb_content_element \">\n<div class=\"wpb_wrapper\">\n<h1 class=\"text-center h-decor\">Datenschutz<\/h1>\n<\/div>\n<\/div>\n<div class=\"wpb_text_column wpb_content_element \">\n<div class=\"wpb_wrapper\">\n<p>Als Betreiber dieser Seite nehmen wir den Schutz Ihrer pers\u00f6nlichen Daten sehr ernst. Wir behandeln Ihre personenbezogenen Daten vertraulich und entsprechend der gesetzlichen Datenschutzvorschriften sowie dieser Datenschutzerkl\u00e4rung. Es wurde alles unternommen, damit ihre Daten, insbesondere die personenbezogenen Daten, gesch\u00fctzt werden. Es werden nur Daten erhoben, die f\u00fcr den Betrieb der Seite und der Serviceleistungen notwendig sind.<\/p>\n<p>Die Nutzung unserer Website ist in der Regel ohne Angabe personenbezogener Daten m\u00f6glich. Soweit auf unseren Seiten personenbezogene Daten (beispielsweise Name, Anschrift oder E-Mail-Adressen) erhoben werden, erfolgt dies, soweit m\u00f6glich, stets auf freiwilliger Basis. Diese Daten werden ohne Ihre ausdr\u00fcckliche Zustimmung nicht an Dritte weitergegeben.<\/p>\n<p>Wir weisen darauf hin, dass die Daten\u00fcbertragung im Internet (z.B. bei der Kommunikation per E-Mail) Sicherheitsl\u00fccken aufweisen kann. Ein l\u00fcckenloser Schutz der Daten vor dem Zugriff durch Dritte ist nicht m\u00f6glich.<\/p>\n<p>Diese Datenschutzerkl\u00e4rung zeigt Ihnen, welchen Zweck, in welcher Art und Weise und in welchem Umfang eine Verarbeitung Ihrer personenbezogenen Daten auf dieser und der mit ihr verbundenen Webseiten stattfindet.<\/p>\n<p>Verantwortlicher<br \/>\nF\u00fcr alle Fragen rund um den Datenschutz auf https:\/\/www.cafe-koenigs.de und allen damit verbundenen Domains stehe ich Ihnene gerne zur Verf\u00fcgung:<\/p>\n<p>\u00d6zkan Bagci<br \/>\nMail: info@ts-bagci.de<br \/>\nTransport Service Bagci<br \/>\nSchwalbenstr. 20<br \/>\n68623 Lampertheim<br \/>\n, Deutschland<\/p>\n<p>Diese Daten werden verarbeitet:<br \/>\nIhre Bestandsdaten, sofern Sie Kunde bei uns sind oder werden wollen (Namen, Adressen, \u2026 ).<br \/>\nIhre Kontaktdaten (wie E-Mail, Telefonnummern\u2026).<br \/>\nInhalte, die Sie an uns per Datenaustausch \u00fcbermitteln<br \/>\n(Beispiele: Texteingaben, Fotografien, Videos).<br \/>\nNutzungsdaten dar\u00fcber was die Nutzer interessiert, welches technische Endger\u00e4t einsetzt wird und von wo aus und wie auf das Onlineangebot zugegriffen wird.<br \/>\n(Interesse an Inhalten, Zugriffszeiten).<br \/>\nMeta-\/Kommunikationsdaten<br \/>\n(z.B. Mit welchem Ger\u00e4t Sie unser Angebot nutzen, von wo aus Sie das Angebot abrufen, IP-Adressen).<br \/>\nVon wem erheben wir die Daten?<br \/>\nGenerell erheben wir Zugriffs-Daten von allen Besucher und Nutzer unseres Onlineangebotes. Personenbezogene Daten werden von uns nur dann verarbeitet, wenn wir hierf\u00fcr Ihr Einverst\u00e4ndnis z.B. durch Absenden eines Formulars eingeholt haben.<\/p>\n<p>Weshalb ist eine Verarbeitung der Daten \u00fcberhaupt notwendig? (Zweck der Verarbeitung)<br \/>\nKontaktaufnahme<br \/>\nSicherheit: Vermeidung Spam.<br \/>\nReichweitenmessung\/Marketing.<br \/>\nOptimierung von Inhalten.<br \/>\nCookies<br \/>\nDie Internetseiten verwenden teilweise so genannte Cookies. Cookies richten auf Ihrem Rechner keinen Schaden an und enthalten keine Viren. Cookies dienen dazu, unser Angebot nutzerfreundlicher, effektiver und sicherer zu machen. Cookies sind kleine Textdateien, die auf Ihrem Rechner abgelegt werden unddie Ihr Browser speichert.<\/p>\n<p>Die meisten der von uns verwendeten Cookies sind so genannte \u201eSession-Cookies\u201c. Sie werden nach Ende Ihres Besuchs automatisch gel\u00f6scht. Andere Cookies bleiben auf Ihrem Endger\u00e4t gespeichert, bis Sie diese l\u00f6schen. Diese Cookies erm\u00f6glichen es uns, Ihren Browser beim n\u00e4chsten Besuch wiederzuerkennen.<\/p>\n<p>Sie k\u00f6nnen Ihren Browser so einstellen, dass Sie \u00fcber das Setzen von Cookies informiert werden und Cookies nur im Einzelfall erlauben, die Annahme von Cookies f\u00fcr bestimmte F\u00e4lle oder generell ausschlie\u00dfen sowie das automatische L\u00f6schen der Cookies beim Schlie\u00dfen des Browser aktivieren. Bei der Deaktivierung von Cookies kann die Funktionalit\u00e4t dieser Website eingeschr\u00e4nkt sein.<\/p>\n<p>Falls Sie nicht m\u00f6chten, dass Cookies gespeichert werden, stellen sie die Option in den Systemeinstellungen ihres Browsers ein.<\/p>\n<p>Verwendung Ihrer IP-Adresse<br \/>\nWir erheben und speichern grunds\u00e4tzlich keine vollst\u00e4ndigen IP-Adressen von Besuchern. Ein Personenbezug ist aus diesen Daten nicht herstellbar, da Ihre IP-Adresse nicht gespeichert bzw. Diese anonymisiert wird.<\/p>\n<p>Hosting<br \/>\nDamit dieses Onlineangebot f\u00fcr Sie zur Verf\u00fcgung gestellt werden kann, kommen u.U. mehrere Hosting-Services zum Einsatz. Sie \u00fcbernehmen f\u00fcr uns Infrastruktur- und Plattformdienstleistungen, stellen Rechenkapazit\u00e4t, Speicherplatz und Datenbankdienste, Sicherheitsleistungen und f\u00fchren Wartungen durch.<\/p>\n<p>Der Hostinganbieter erhebt und speichert automatisch Informationen in so genannten Server-Log Files, die Ihr Browser automatisch an uns \u00fcbermittelt. Dies sind:<\/p>\n<p>Browsertyp und Browserversion<br \/>\nverwendetes Betriebssystem<br \/>\nReferrer URL<br \/>\nHostname des zugreifenden Rechners<br \/>\nUhrzeit der Serveranfrage<br \/>\nDiese Daten sind nicht bestimmten Personen zuordenbar. Eine Zusammenf\u00fchrung dieser Daten mit anderen Datenquellen wird nicht vorgenommen. Wir behalten uns vor, diese Daten nachtr\u00e4glich zu pr\u00fcfen, wenn uns konkrete Anhaltspunkte f\u00fcr eine rechtswidrige Nutzung bekannt werden.<\/p>\n<p>L\u00f6schung von Daten<br \/>\nGespeicherten Daten werden gel\u00f6scht, sobald sie nicht mehr erforderlich sind und der L\u00f6schung keine gesetzlichen Aufbewahrungspflichten entgegenstehen. Das gilt z.B. f\u00fcr Daten, die aus handels- oder steuerrechtlichen Gr\u00fcnden aufbewahrt werden m\u00fcssen. Entsprechend Art. 17 und 18 DSGVO werden Daten gel\u00f6scht oder in ihrer Verarbeitung eingeschr\u00e4nkt.<\/p>\n<p>Kontaktformular<br \/>\nWenn Sie uns per Kontaktformular Anfragen zukommen lassen, werden Ihre Angaben aus dem Anfrageformular inklusive der von Ihnen dort angegebenen Kontaktdaten zwecks Bearbeitung der Anfrage und f\u00fcr den Fall von Anschlussfragen bei uns gespeichert. Diese Daten geben wir nicht ohne Ihre Einwilligung weiter.<\/p>\n<p>IP Anonymisierung<br \/>\nWir haben auf dieser Website die Funktion IP-Anonymisierung aktiviert. Dadurch wird Ihre IP-Adresse von Google innerhalb von Mitgliedstaaten der Europ\u00e4ischen Union oder in anderen Vertragsstaaten des Abkommens \u00fcber den Europ\u00e4ischen Wirtschaftsraum vor der \u00dcbermittlung in die USA gek\u00fcrzt. Nur in Ausnahmef\u00e4llen wird die volle IP-Adresse an einen Server von Google in den USA \u00fcbertragen und dort gek\u00fcrzt. Im Auftrag des Betreibers dieser Website wird Google diese Informationen benutzen, um Ihre Nutzung der Website auszuwerten, um Reports \u00fcber die Websiteaktivit\u00e4ten zusammenzustellen und um weitere mit der Websitenutzung und der Internetnutzung verbundene Dienstleistungen gegen\u00fcber dem Websitebetreiber zu erbringen. Die im Rahmen von Google Analytics von Ihrem Browser \u00fcbermittelte IP- Adresse wird nicht mit anderen Daten von Google zusammengef\u00fchrt.<\/p>\n<p>Recht auf Auskunft, L\u00f6schung, Sperrung<br \/>\nSie haben jederzeit das Recht auf unentgeltliche Auskunft \u00fcber Ihre gespeicherten personenbezogenen Daten, deren Herkunft und Empf\u00e4nger und den Zweck der Datenverarbeitung sowie ein Recht auf Berichtigung, Sperrung oder, abgesehen von der vorgeschriebenen Datenspeicherung zur Gesch\u00e4ftsabwicklung, L\u00f6schung Ihrer personenbezogenen Daten. Hierzu sowie zu weiteren Fragen zum Thema personenbezogene Daten k\u00f6nnen Sie sich jederzeit unter der im Impressum angegebenen Adresse an uns wenden.<\/p>\n<p>Facebook-Plugins (Like-Button)<br \/>\nAuf unseren Seiten sind Plugins des sozialen Netzwerks Facebook, Anbieter Facebook Inc., 1 Hacker Way, Menlo Park, California 94025, USA, integriert. Die Facebook-Plugins erkennen Sie an dem Facebook-Logo oder dem \u201cLike-Button\u201d (\u201cGef\u00e4llt mir\u201d) auf unserer Seite. Eine \u00dcbersicht \u00fcber die Facebook-Plugins finden Sie hier: https:\/\/developers.facebook.com\/docs\/plugins\/.<\/p>\n<p>Wenn Sie unsere Seiten besuchen, wird \u00fcber das Plugin eine direkte Verbindung zwischen Ihrem Browser und dem Facebook-Server hergestellt. Facebook erh\u00e4lt dadurch die Information, dass Sie mit Ihrer IP-Adresse unsere Seite besucht haben. Wenn Sie den Facebook \u201cLike-Button\u201d anklicken w\u00e4hrend Sie in Ihrem Facebook-Account eingeloggt sind, k\u00f6nnen Sie die Inhalte unserer Seiten auf Ihrem Facebook-Profil verlinken. Dadurch kann Facebook den Besuch unserer Seiten Ihrem Benutzerkonto zuordnen.<\/p>\n<p>Wir weisen darauf hin, dass wir als Anbieter der Seiten keine Kenntnis vom Inhalt der \u00fcbermittelten Daten sowie deren Nutzung durch Facebook erhalten. Weitere Informationen hierzu finden<br \/>\nSie in der Datenschutzerkl\u00e4rung von Facebook unter https:\/\/de-de.facebook.com\/policy.php.<\/p>\n<p>Wenn Sie nicht w\u00fcnschen, dass Facebook den Besuch unserer Seiten Ihrem Facebook-Nutzerkonto zuordnen kann, loggen Sie sich bitte aus Ihrem Facebook-Benutzerkonto aus.<\/p>\n<p>Einbindung von Diensten und Inhalten Dritter<br \/>\nUm Bilder, Videos, Tondokumente und \u00e4hnliches Ihnen zur Verf\u00fcgung zu stellen, m\u00fcssen daf\u00fcr spezialisierte Dienstleister verwendet werden. YouTube und Vimeo sind z.B. gut geeignet, um Videos auf unserer Seite anzeigen zu lassen. Damit Sie die Daten erhalten k\u00f6nnen, ben\u00f6tigt der Dienstleister ihre IP-Adresse, um die Inhalte an Ihren Browser senden zu k\u00f6nnten. Die IP-Adresse ist damit f\u00fcr die Darstellung dieser Inhalte erforderlich.<\/p>\n<p>Wir achten darauf, nur solche Inhalte zu verwenden, bei der Ihre IP-Adresse nur zur Auslieferung der Daten verwendet werden.<\/p>\n<p>Google Maps<br \/>\nWir binden die Landkarten des Dienstes \u201cGoogle Maps\u201d des Anbieters Google LLC, 1600 Amphitheatre Parkway, Mountain View, CA 94043, USA, ein. Datenschutzerkl\u00e4rung: https:\/\/www.google.com\/policies\/privacy\/<\/p>\n<p>Google Fonts<br \/>\nWir binden die Schriftarten (\u201eGoogle Fonts\u201c) des Anbieters Google LLC, 1600 Amphitheatre Parkway, Mountain View, CA 94043, USA, ein. Datenschutzerkl\u00e4rung: https:\/\/www.google.com\/policies\/privacy\/, Opt-Out: https:\/\/adssettings.google.com\/authenticated.<\/p>\n<p>SSL-Verschl\u00fcsselung<br \/>\nDiese Seite nutzt aus Gr\u00fcnden der Sicherheit und zum Schutz der \u00dcbertragung vertraulicher Inhalte, wie zum Beispiel der Anfragen, die Sie an uns als Seitenbetreiber senden, eine SSL-Verschl\u00fcsselung.<\/p>\n<p>Eine verschl\u00fcsselte Verbindung erkennen Sie daran, dass die Adresszeile des Browsers von \u201chttp:\/\/\u201d auf \u201chttps:\/\/\u201d wechselt und an dem Schloss-Symbol in Ihrer Browserzeile.<br \/>\nWenn die SSL Verschl\u00fcsselung aktiviert ist, k\u00f6nnen die Daten, die Sie an uns \u00fcbermitteln, nicht von Dritten mitgelesen werden.<\/p>\n<p>Widerspruch Werbe-Mails<br \/>\nDer Nutzung von im Rahmen der Impressumspflicht ver\u00f6ffentlichten Kontaktdaten zur \u00dcbersendung von nicht ausdr\u00fccklich angeforderter Werbung und Informationsmaterialien wird hiermit widersprochen. Die Betreiber der Seiten behalten sich ausdr\u00fccklich rechtliche Schritte im Falle der unverlangten Zusendung von Werbeinformationen, etwa durch Spam-E-Mails, vor.<\/p>\n<p>\u00c4nderung unserer Datenschutzbestimmungen<br \/>\nWir behalten uns vor, diese Datenschutzerkl\u00e4rung gelegentlich anzupassen, damit sie stets den aktuellen rechtlichen Anforderungen entspricht oder um \u00c4nderungen unserer Leistungen in der Datenschutzerkl\u00e4rung umzusetzen, z. B. bei der Einf\u00fchrung neuer Services. F\u00fcr Ihren erneuten Besuch gilt dann die neue Datenschutzerkl\u00e4rung.<\/p>\n<\/div>\n<\/div>\n<p>[\/vc_column_text][\/vc_column][\/vc_row]<\/p>\n","protected":false},"excerpt":{"rendered":"<p>[vc_row][vc_column][vc_column_text] Datenschutz Als Betreiber dieser Seite nehmen wir den Schutz Ihrer pers\u00f6nlichen Daten sehr ernst. Wir behandeln Ihre personenbezogenen Daten vertraulich und entsprechend der gesetzlichen Datenschutzvorschriften sowie dieser Datenschutzerkl\u00e4rung. Es wurde alles unternommen,&#8230;<\/p>\n","protected":false},"author":1,"featured_media":0,"parent":0,"menu_order":0,"comment_status":"closed","ping_status":"closed","template":"","meta":[],"_links":{"self":[{"href":"https:\/\/ts-bagci.de\/index.php?rest_route=\/wp\/v2\/pages\/685"}],"collection":[{"href":"https:\/\/ts-bagci.de\/index.php?rest_route=\/wp\/v2\/pages"}],"about":[{"href":"https:\/\/ts-bagci.de\/index.php?rest_route=\/wp\/v2\/types\/page"}],"author":[{"embeddable":true,"href":"https:\/\/ts-bagci.de\/index.php?rest_route=\/wp\/v2\/users\/1"}],"replies":[{"embeddable":true,"href":"https:\/\/ts-bagci.de\/index.php?rest_route=%2Fwp%2Fv2%2Fcomments&post=685"}],"version-history":[{"count":2,"href":"https:\/\/ts-bagci.de\/index.php?rest_route=\/wp\/v2\/pages\/685\/revisions"}],"predecessor-version":[{"id":1530,"href":"https:\/\/ts-bagci.de\/index.php?rest_route=\/wp\/v2\/pages\/685\/revisions\/1530"}],"wp:attachment":[{"href":"https:\/\/ts-bagci.de\/index.php?rest_route=%2Fwp%2Fv2%2Fmedia&parent=685"}],"curies":[{"name":"wp","href":"https:\/\/api.w.org\/{rel}","templated":true}]}}